{"id":76,"date":"2024-04-08T19:23:28","date_gmt":"2024-04-08T19:23:28","guid":{"rendered":"http:\/\/redox.ichf.edu.pl\/?page_id=76"},"modified":"2024-04-08T19:23:28","modified_gmt":"2024-04-08T19:23:28","slug":"contact-and-organising-committee","status":"publish","type":"page","link":"http:\/\/redox.ichf.edu.pl\/?page_id=76","title":{"rendered":"Contact and organising committee"},"content":{"rendered":"\n<h2 class=\"wp-block-heading has-large-font-size\">Organising committee<\/h2>\n\n\n\n<ul>\n<li>Joanna Niedzi\u00f3\u0142ka-J\u00f6nsson<\/li>\n\n\n\n<li>Emilia Witkowska Nery<\/li>\n\n\n\n<li>Martin J\u00f6nsson-Niedzi\u00f3\u0142ka<\/li>\n\n\n\n<li>Julia Maciejewska-Komorowska<\/li>\n\n\n\n<li>Karthika Kappalakandy Valapil<\/li>\n\n\n\n<li>Paulina Musolf<\/li>\n\n\n\n<li>Witoria Zacheja<\/li>\n<\/ul>\n\n\n\n<h2 class=\"wp-block-heading\">Contact<\/h2>\n\n\n\n<p>If you have any questions, contact the organisers via mail Martin (martinj@ichf.edu.pl), Emilia (ewitkowskanery@ichf.edu.pl) or Joanna (jniedziolka@ichf.edu.pl).<\/p>\n\n\n\n<h2 class=\"wp-block-heading\">Venue<\/h2>\n\n\n\n<p>All the lectures and poster session will take place in the Administration building at <\/p>\n\n\n\n<p class=\"has-text-align-left\">Institute of Physical Chemistry PAS in Warsaw.<br>Kasprzaka 44\/52<br>01-224 Warsaw<\/p>\n\n\n\n<p class=\"has-text-align-center\"><p><iframe src=\"https:\/\/www.google.com\/maps\/embed?pb=!1m18!1m12!1m3!1d2443.7943784889762!2d20.963005976173903!3d52.22895345773763!2m3!1f0!2f0!3f0!3m2!1i1024!2i768!4f13.1!3m3!1m2!1s0x471ecb6166e47983%3A0x704b5b0747400c70!2sInstitute%20of%20Physical%20Chemistry%20Polish%20Academy%20of%20Sciences!5e0!3m2!1sen!2spl!4v1712603378107!5m2!1sen!2spl\" width=\"800\" height=\"600\" style=\"border:0;\" allowfullscreen=\"\" loading=\"lazy\" referrerpolicy=\"no-referrer-when-downgrade\"><\/iframe><\/p><\/p>\n","protected":false},"excerpt":{"rendered":"<p>Organising committee Contact If you have any questions, contact the organisers via mail Martin (martinj@ichf.edu.pl), Emilia (ewitkowskanery@ichf.edu.pl) or Joanna (jniedziolka@ichf.edu.pl). Venue All the lectures and poster session will take place in the Administration building at Institute of Physical Chemistry PAS in Warsaw.Kasprzaka 44\/5201-224 Warsaw<\/p>\n","protected":false},"author":1,"featured_media":0,"parent":0,"menu_order":0,"comment_status":"closed","ping_status":"closed","template":"","meta":{"footnotes":""},"_links":{"self":[{"href":"http:\/\/redox.ichf.edu.pl\/index.php?rest_route=\/wp\/v2\/pages\/76"}],"collection":[{"href":"http:\/\/redox.ichf.edu.pl\/index.php?rest_route=\/wp\/v2\/pages"}],"about":[{"href":"http:\/\/redox.ichf.edu.pl\/index.php?rest_route=\/wp\/v2\/types\/page"}],"author":[{"embeddable":true,"href":"http:\/\/redox.ichf.edu.pl\/index.php?rest_route=\/wp\/v2\/users\/1"}],"replies":[{"embeddable":true,"href":"http:\/\/redox.ichf.edu.pl\/index.php?rest_route=%2Fwp%2Fv2%2Fcomments&post=76"}],"version-history":[{"count":6,"href":"http:\/\/redox.ichf.edu.pl\/index.php?rest_route=\/wp\/v2\/pages\/76\/revisions"}],"predecessor-version":[{"id":82,"href":"http:\/\/redox.ichf.edu.pl\/index.php?rest_route=\/wp\/v2\/pages\/76\/revisions\/82"}],"wp:attachment":[{"href":"http:\/\/redox.ichf.edu.pl\/index.php?rest_route=%2Fwp%2Fv2%2Fmedia&parent=76"}],"curies":[{"name":"wp","href":"https:\/\/api.w.org\/{rel}","templated":true}]}}